{"id":18,"date":"2020-10-16T11:03:34","date_gmt":"2020-10-16T11:03:34","guid":{"rendered":"https:\/\/jbmergelina.com\/?page_id=18"},"modified":"2021-01-25T14:09:27","modified_gmt":"2021-01-25T14:09:27","slug":"caza-el-arenal","status":"publish","type":"page","link":"https:\/\/jbmergelina.com\/es\/caza-el-arenal\/","title":{"rendered":"Fincas de Caza &#8211; El Arenal"},"content":{"rendered":"<p>[et_pb_section fb_built=\u00bb1&#8243; _builder_version=\u00bb4.5.6&#8243; _module_preset=\u00bbdefault\u00bb background_color=\u00bb#000000&#8243; custom_padding=\u00bb30px||30px||true|false\u00bb][et_pb_row _builder_version=\u00bb4.5.6&#8243; _module_preset=\u00bbdefault\u00bb][et_pb_column type=\u00bb4_4&#8243; _builder_version=\u00bb4.5.6&#8243; _module_preset=\u00bbdefault\u00bb][et_pb_text _builder_version=\u00bb4.5.6&#8243; _module_preset=\u00bbdefault\u00bb header_2_text_color=\u00bb#ffffff\u00bb custom_margin=\u00bb||15px||false|false\u00bb]<\/p>\n<h2 style=\"text-align: center;\">El Arenal es, sin ninguna duda, una de las mejores fincas de caza de Espa\u00f1a.<\/h2>\n<p>[\/et_pb_text][et_pb_divider divider_weight=\u00bb1px\u00bb _builder_version=\u00bb4.5.6&#8243; _module_preset=\u00bbdefault\u00bb max_width=\u00bb6%\u00bb module_alignment=\u00bbcenter\u00bb][\/et_pb_divider][\/et_pb_column][\/et_pb_row][\/et_pb_section][et_pb_section fb_built=\u00bb1&#8243; _builder_version=\u00bb4.5.6&#8243; _module_preset=\u00bbdefault\u00bb background_color=\u00bb#1c1c1c\u00bb][et_pb_row column_structure=\u00bb1_3,1_3,1_3&#8243; make_equal=\u00bbon\u00bb _builder_version=\u00bb4.5.6&#8243; _module_preset=\u00bbdefault\u00bb background_enable_color=\u00bboff\u00bb][et_pb_column type=\u00bb1_3&#8243; module_class=\u00bbds-vertical-align\u00bb _builder_version=\u00bb4.5.6&#8243; _module_preset=\u00bbdefault\u00bb background_enable_color=\u00bboff\u00bb custom_padding=\u00bb30px|30px|30px|30px|true|true\u00bb border_width_all=\u00bb1px\u00bb border_color_all=\u00bb#cfa670&#8243;][et_pb_text _builder_version=\u00bb4.5.6&#8243; _module_preset=\u00bbdefault\u00bb text_text_color=\u00bb#ffffff\u00bb]<\/p>\n<p>El Arenal posee una orograf\u00eda verdaderamente \u00fanica, donde podemos encontrar multitud de paisajes diferentes: sierras monta\u00f1osas, dehesas de encinado, alcornoque y quejigo, valles y barrancos profundos, zonas de vega de r\u00edo y tierras agr\u00edcolas de secano y regad\u00edo.<\/p>\n<p>[\/et_pb_text][\/et_pb_column][et_pb_column type=\u00bb1_3&#8243; module_class=\u00bbds-vertical-align\u00bb _builder_version=\u00bb4.5.6&#8243; _module_preset=\u00bbdefault\u00bb background_enable_color=\u00bboff\u00bb custom_padding=\u00bb30px|30px|30px|30px|true|true\u00bb border_width_all=\u00bb1px\u00bb border_color_all=\u00bb#cfa670&#8243;][et_pb_text _builder_version=\u00bb4.5.6&#8243; _module_preset=\u00bbdefault\u00bb text_text_color=\u00bb#ffffff\u00bb]<\/p>\n<p>Adicionalmente, El Arenal es una finca \u00fanica por su rica hidrograf\u00eda, ya que se encuentra ba\u00f1ada por uno de los r\u00edos m\u00e1s caudalosos de Espa\u00f1a, el Guadiana, que discurre por su interior y que proporciona m\u00e1s de 14 kil\u00f3metros de vega; adem\u00e1s, El Arenal se nutre de varios arroyos y posee hasta un total de 21 charcas y pantanos.<\/p>\n<p>[\/et_pb_text][\/et_pb_column][et_pb_column type=\u00bb1_3&#8243; module_class=\u00bbds-vertical-align\u00bb _builder_version=\u00bb4.5.6&#8243; _module_preset=\u00bbdefault\u00bb background_enable_color=\u00bboff\u00bb custom_padding=\u00bb30px|30px|30px|30px|true|true\u00bb border_width_all=\u00bb1px\u00bb border_color_all=\u00bb#cfa670&#8243;][et_pb_text _builder_version=\u00bb4.5.6&#8243; _module_preset=\u00bbdefault\u00bb text_text_color=\u00bb#ffffff\u00bb]<\/p>\n<p>Y para culminar un escenario tan privilegiado, El Arenal cuenta con una casa verdaderamente \u00fanica, idealmente situada con vistas al r\u00edo Guadiana.<\/p>\n<p>[\/et_pb_text][\/et_pb_column][\/et_pb_row][\/et_pb_section][et_pb_section fb_built=\u00bb1&#8243; _builder_version=\u00bb4.5.6&#8243; _module_preset=\u00bbdefault\u00bb custom_padding=\u00bb0px||0px||true|false\u00bb][et_pb_row column_structure=\u00bb1_2,1_2&#8243; use_custom_gutter=\u00bbon\u00bb gutter_width=\u00bb1&#8243; make_equal=\u00bbon\u00bb _builder_version=\u00bb4.5.6&#8243; _module_preset=\u00bbdefault\u00bb width=\u00bb100%\u00bb max_width=\u00bb2560px\u00bb min_height=\u00bb500px\u00bb min_height_tablet=\u00bb\u00bb min_height_phone=\u00bb\u00bb min_height_last_edited=\u00bbon|tablet\u00bb custom_padding=\u00bb0px||0px||true|false\u00bb][et_pb_column type=\u00bb1_2&#8243; module_class=\u00bbds-vertical-align\u00bb _builder_version=\u00bb4.5.6&#8243; _module_preset=\u00bbdefault\u00bb background_image=\u00bbhttps:\/\/jbmergelina.com\/wp-content\/uploads\/2020\/10\/monterias_1.jpg\u00bb custom_padding=\u00bb70px|70px|70px|70px|true|true\u00bb custom_css_main_element=\u00bbdisplay: flex; ||flex-direction: column; ||justify-content: center;\u00bb][et_pb_text module_class=\u00bbds-vertical-align\u00bb _builder_version=\u00bb4.7.7&#8243; _module_preset=\u00bbdefault\u00bb header_3_text_color=\u00bb#ffffff\u00bb header_3_font_size=\u00bb28px\u00bb background_color=\u00bbrgba(0,0,0,0.7)\u00bb text_orientation=\u00bbcenter\u00bb module_alignment=\u00bbcenter\u00bb height=\u00bb100%\u00bb custom_margin=\u00bb||||false|false\u00bb custom_padding_tablet=\u00bb40px||30px||false|false\u00bb custom_padding_phone=\u00bb\u00bb custom_padding_last_edited=\u00bbon|tablet\u00bb link_option_url=\u00bbhttps:\/\/jbmergelina.com\/es\/caza-el-arenal\/monterias\/\u00bb custom_css_main_element=\u00bboutline: 1px solid #cfa670;||outline-offset: -15px;\u00bb width__hover_enabled=\u00bboff|desktop\u00bb background__hover_enabled=\u00bbon|hover\u00bb background_color__hover=\u00bbrgba(0,0,0,0)\u00bb background_enable_color__hover=\u00bbon\u00bb custom_css_main_element__hover_enabled=\u00bbon|desktop\u00bb custom_css_main_element__hover=\u00bboutline: 1px solid #fff;\u00bb]<\/p>\n<h3 style=\"text-align: center;\">Monter\u00edas<\/h3>\n<p>[\/et_pb_text][\/et_pb_column][et_pb_column type=\u00bb1_2&#8243; module_class=\u00bbds-vertical-align\u00bb _builder_version=\u00bb4.5.6&#8243; _module_preset=\u00bbdefault\u00bb background_image=\u00bbhttps:\/\/jbmergelina.com\/wp-content\/uploads\/2020\/10\/cacerias_arenal_1.jpg\u00bb custom_padding=\u00bb70px|70px|70px|70px|true|true\u00bb custom_css_main_element=\u00bbdisplay: flex; ||flex-direction: column; ||justify-content: center;\u00bb][et_pb_text module_class=\u00bbds-vertical-align\u00bb _builder_version=\u00bb4.7.7&#8243; _module_preset=\u00bbdefault\u00bb header_3_text_color=\u00bb#ffffff\u00bb header_3_font_size=\u00bb28px\u00bb background_color=\u00bbrgba(0,0,0,0.7)\u00bb text_orientation=\u00bbcenter\u00bb module_alignment=\u00bbcenter\u00bb height=\u00bb100%\u00bb custom_margin=\u00bb||||false|false\u00bb custom_padding_tablet=\u00bb40px||30px||false|false\u00bb custom_padding_phone=\u00bb\u00bb custom_padding_last_edited=\u00bbon|tablet\u00bb link_option_url=\u00bbhttps:\/\/jbmergelina.com\/es\/caza-el-arenal\/cacerias-de-perdices\/\u00bb custom_css_main_element=\u00bboutline: 1px solid #cfa670;||outline-offset: -15px;\u00bb width__hover_enabled=\u00bboff|desktop\u00bb custom_css_main_element__hover_enabled=\u00bbon|hover\u00bb custom_css_main_element__hover=\u00bboutline: 1px solid #fff;\u00bb background__hover_enabled=\u00bbon|hover\u00bb background_color__hover=\u00bbrgba(0,0,0,0)\u00bb background_enable_color__hover=\u00bbon\u00bb]<\/p>\n<h3 style=\"text-align: center;\">Cacer\u00edas\u00a0 de Perdices<\/h3>\n<p>[\/et_pb_text][\/et_pb_column][\/et_pb_row][\/et_pb_section][et_pb_section fb_built=\u00bb1&#8243; _builder_version=\u00bb4.5.6&#8243; _module_preset=\u00bbdefault\u00bb background_enable_image=\u00bboff\u00bb custom_padding=\u00bb0px||0px||true|false\u00bb][et_pb_row use_custom_gutter=\u00bbon\u00bb gutter_width=\u00bb1&#8243; make_equal=\u00bbon\u00bb _builder_version=\u00bb4.7.7&#8243; _module_preset=\u00bbdefault\u00bb background_enable_color=\u00bboff\u00bb background_image=\u00bbhttps:\/\/jbmergelina.com\/wp-content\/uploads\/2020\/10\/alojamiento_el_arenal.jpg\u00bb width=\u00bb100%\u00bb max_width=\u00bb2560px\u00bb min_height_last_edited=\u00bboff|desktop\u00bb height=\u00bb500px\u00bb height_tablet=\u00bb\u00bb height_phone=\u00bb\u00bb height_last_edited=\u00bbon|tablet\u00bb custom_padding=\u00bb70px|70px|70px|70px|true|true\u00bb width__hover_enabled=\u00bbon|desktop\u00bb][et_pb_column type=\u00bb4_4&#8243; _builder_version=\u00bb4.5.6&#8243; _module_preset=\u00bbdefault\u00bb background_enable_image=\u00bboff\u00bb custom_css_main_element=\u00bbdisplay: flex; ||flex-direction: column; ||justify-content: center;\u00bb][et_pb_text module_class=\u00bbds-vertical-align\u00bb _builder_version=\u00bb4.7.7&#8243; _module_preset=\u00bbdefault\u00bb header_3_text_color=\u00bb#ffffff\u00bb header_3_font_size=\u00bb28px\u00bb background_color=\u00bbrgba(0,0,0,0.7)\u00bb text_orientation=\u00bbcenter\u00bb module_alignment=\u00bbcenter\u00bb height=\u00bb100%\u00bb custom_margin=\u00bb||||false|false\u00bb custom_padding_tablet=\u00bb40px||30px||false|false\u00bb custom_padding_phone=\u00bb\u00bb custom_padding_last_edited=\u00bbon|tablet\u00bb link_option_url=\u00bbhttps:\/\/jbmergelina.com\/es\/caza-el-arenal\/alojamiento\/\u00bb custom_css_main_element=\u00bboutline: 1px solid #fff;||outline-offset: -15px;\u00bb width__hover_enabled=\u00bboff|desktop\u00bb background__hover_enabled=\u00bbon|hover\u00bb background_color__hover=\u00bbrgba(0,0,0,0)\u00bb background_enable_color__hover=\u00bbon\u00bb]<\/p>\n<h3 style=\"text-align: center;\">Alojamiento<\/h3>\n<p>[\/et_pb_text][\/et_pb_column][\/et_pb_row][\/et_pb_section]<\/p>\n","protected":false},"excerpt":{"rendered":"<p>El Arenal es, sin ninguna duda, una de las mejores fincas de caza de Espa\u00f1a.El Arenal posee una orograf\u00eda verdaderamente \u00fanica, donde podemos encontrar multitud de paisajes diferentes: sierras monta\u00f1osas, dehesas de encinado, alcornoque y quejigo, valles y barrancos profundos, zonas de vega de r\u00edo y tierras agr\u00edcolas de secano y regad\u00edo.Adicionalmente, El Arenal es [&hellip;]<\/p>\n","protected":false},"author":1,"featured_media":210502,"parent":0,"menu_order":0,"comment_status":"closed","ping_status":"closed","template":"","meta":{"_et_pb_use_builder":"on","_et_pb_old_content":"","_et_gb_content_width":"","footnotes":""},"_links":{"self":[{"href":"https:\/\/jbmergelina.com\/es\/wp-json\/wp\/v2\/pages\/18"}],"collection":[{"href":"https:\/\/jbmergelina.com\/es\/wp-json\/wp\/v2\/pages"}],"about":[{"href":"https:\/\/jbmergelina.com\/es\/wp-json\/wp\/v2\/types\/page"}],"author":[{"embeddable":true,"href":"https:\/\/jbmergelina.com\/es\/wp-json\/wp\/v2\/users\/1"}],"replies":[{"embeddable":true,"href":"https:\/\/jbmergelina.com\/es\/wp-json\/wp\/v2\/comments?post=18"}],"version-history":[{"count":7,"href":"https:\/\/jbmergelina.com\/es\/wp-json\/wp\/v2\/pages\/18\/revisions"}],"predecessor-version":[{"id":210754,"href":"https:\/\/jbmergelina.com\/es\/wp-json\/wp\/v2\/pages\/18\/revisions\/210754"}],"wp:featuredmedia":[{"embeddable":true,"href":"https:\/\/jbmergelina.com\/es\/wp-json\/wp\/v2\/media\/210502"}],"wp:attachment":[{"href":"https:\/\/jbmergelina.com\/es\/wp-json\/wp\/v2\/media?parent=18"}],"curies":[{"name":"wp","href":"https:\/\/api.w.org\/{rel}","templated":true}]}}