{"id":20,"date":"2020-10-16T11:03:57","date_gmt":"2020-10-16T11:03:57","guid":{"rendered":"https:\/\/jbmergelina.com\/?page_id=20"},"modified":"2021-02-02T12:51:19","modified_gmt":"2021-02-02T12:51:19","slug":"gestion-de-fincas","status":"publish","type":"page","link":"https:\/\/jbmergelina.com\/es\/gestion-de-fincas\/","title":{"rendered":"Gesti\u00f3n de Fincas"},"content":{"rendered":"<p>[et_pb_section fb_built=\u00bb1&#8243; _builder_version=\u00bb4.5.6&#8243; _module_preset=\u00bbdefault\u00bb background_color=\u00bb#000000&#8243; custom_padding=\u00bb30px||30px||true|false\u00bb][et_pb_row _builder_version=\u00bb4.5.6&#8243; _module_preset=\u00bbdefault\u00bb][et_pb_column type=\u00bb4_4&#8243; _builder_version=\u00bb4.5.6&#8243; _module_preset=\u00bbdefault\u00bb][et_pb_text _builder_version=\u00bb4.6.6&#8243; _module_preset=\u00bbdefault\u00bb header_2_text_color=\u00bb#ffffff\u00bb custom_margin=\u00bb||15px||false|false\u00bb]<\/p>\n<h2 style=\"text-align: center;\">JB Mergelina proporciona el mejor asesoramiento, basado en el profundo conocimiento que le proporciona su dilatada experiencia.<\/h2>\n<p>[\/et_pb_text][et_pb_divider divider_weight=\u00bb1px\u00bb _builder_version=\u00bb4.5.6&#8243; _module_preset=\u00bbdefault\u00bb max_width=\u00bb6%\u00bb module_alignment=\u00bbcenter\u00bb][\/et_pb_divider][\/et_pb_column][\/et_pb_row][\/et_pb_section][et_pb_section fb_built=\u00bb1&#8243; custom_padding_last_edited=\u00bbon|tablet\u00bb _builder_version=\u00bb4.7.7&#8243; _module_preset=\u00bbdefault\u00bb background_image=\u00bbhttps:\/\/jbmergelina.com\/wp-content\/uploads\/2020\/10\/servicios_1.jpg\u00bb custom_padding=\u00bb200px||200px||true|false\u00bb custom_padding_tablet=\u00bb40px||40px||true|false\u00bb custom_padding_phone=\u00bb\u00bb][et_pb_row column_structure=\u00bb3_5,2_5&#8243; _builder_version=\u00bb4.6.6&#8243; _module_preset=\u00bbdefault\u00bb width=\u00bb90%\u00bb max_width=\u00bb2560px\u00bb][et_pb_column type=\u00bb3_5&#8243; _builder_version=\u00bb4.5.6&#8243; _module_preset=\u00bbdefault\u00bb][\/et_pb_column][et_pb_column type=\u00bb2_5&#8243; _builder_version=\u00bb4.6.6&#8243; _module_preset=\u00bbdefault\u00bb background_color=\u00bbrgba(0,0,0,0.7)\u00bb custom_padding=\u00bb40px|40px|40px|40px|true|true\u00bb custom_css_main_element=\u00bboutline: 1px solid #cfa670;||outline-offset: -10px;\u00bb][et_pb_text _builder_version=\u00bb4.6.6&#8243; _module_preset=\u00bbdefault\u00bb background_layout=\u00bbdark\u00bb]<\/p>\n<p>JB Mergelina posee una gran experiencia en la gesti\u00f3n integral de fincas y tambi\u00e9n ofrece servicios de asesoramiento puntuales, como la ayuda en la organizaci\u00f3n de monter\u00edas y cacer\u00edas, el estudio de proyectos concretos o la realizaci\u00f3n de trabajos espec\u00edficos.<\/p>\n<p>[\/et_pb_text][\/et_pb_column][\/et_pb_row][\/et_pb_section][et_pb_section fb_built=\u00bb1&#8243; _builder_version=\u00bb4.5.6&#8243; _module_preset=\u00bbdefault\u00bb background_color=\u00bb#000000&#8243; custom_padding=\u00bb30px||30px||true|false\u00bb][et_pb_row _builder_version=\u00bb4.5.6&#8243; _module_preset=\u00bbdefault\u00bb][et_pb_column type=\u00bb4_4&#8243; _builder_version=\u00bb4.5.6&#8243; _module_preset=\u00bbdefault\u00bb][et_pb_text _builder_version=\u00bb4.6.6&#8243; _module_preset=\u00bbdefault\u00bb header_2_text_color=\u00bb#ffffff\u00bb custom_margin=\u00bb||15px||false|false\u00bb]<\/p>\n<h2 style=\"text-align: center;\">Ventajas diferenciales de JB Mergelina<\/h2>\n<p>[\/et_pb_text][et_pb_divider divider_weight=\u00bb1px\u00bb _builder_version=\u00bb4.5.6&#8243; _module_preset=\u00bbdefault\u00bb max_width=\u00bb6%\u00bb module_alignment=\u00bbcenter\u00bb][\/et_pb_divider][\/et_pb_column][\/et_pb_row][\/et_pb_section][et_pb_section fb_built=\u00bb1&#8243; _builder_version=\u00bb4.5.6&#8243; _module_preset=\u00bbdefault\u00bb background_color=\u00bb#1c1c1c\u00bb][et_pb_row column_structure=\u00bb1_2,1_2&#8243; use_custom_gutter=\u00bbon\u00bb gutter_width=\u00bb2&#8243; make_equal=\u00bbon\u00bb _builder_version=\u00bb4.5.6&#8243; _module_preset=\u00bbdefault\u00bb width=\u00bb90%\u00bb max_width=\u00bb2560px\u00bb][et_pb_column type=\u00bb1_2&#8243; module_class=\u00bbds-vertical-align\u00bb _builder_version=\u00bb4.5.6&#8243; _module_preset=\u00bbdefault\u00bb][et_pb_blurb title=\u00bbGesti\u00f3n transparente\u00bb use_icon=\u00bbon\u00bb font_icon=\u00bb%%57%%\u00bb icon_placement=\u00bbleft\u00bb content_max_width=\u00bb1100px\u00bb _builder_version=\u00bb4.6.6&#8243; _module_preset=\u00bbdefault\u00bb header_text_align=\u00bbleft\u00bb header_text_color=\u00bb#ffffff\u00bb header_font_size=\u00bb26px\u00bb header_line_height=\u00bb1.3em\u00bb background_color=\u00bbrgba(0,0,0,0.7)\u00bb background_layout=\u00bbdark\u00bb module_alignment=\u00bbcenter\u00bb custom_padding=\u00bb30px|30px|30px|30px|true|true\u00bb custom_css_blurb_image=\u00bbwidth:40px;\u00bb]<\/p>\n<p>Imprescindible, pues el cliente tiene que confiar la ADMINISTRACI\u00d3N DEL PRESUPUESTO Y DE SU PATRIMONIO. Y para mayor transparencia, posibilidad de contratar una auditor\u00eda anual externa.<\/p>\n<p>[\/et_pb_blurb][et_pb_blurb title=\u00bbAsistencia personalizada\u00bb use_icon=\u00bbon\u00bb font_icon=\u00bb%%57%%\u00bb icon_placement=\u00bbleft\u00bb content_max_width=\u00bb1100px\u00bb _builder_version=\u00bb4.6.6&#8243; _module_preset=\u00bbdefault\u00bb header_text_align=\u00bbleft\u00bb header_text_color=\u00bb#ffffff\u00bb header_font_size=\u00bb26px\u00bb header_line_height=\u00bb1.3em\u00bb background_color=\u00bbrgba(0,0,0,0.7)\u00bb background_layout=\u00bbdark\u00bb module_alignment=\u00bbcenter\u00bb custom_padding=\u00bb30px|30px|30px|30px|true|true\u00bb custom_css_blurb_image=\u00bbwidth:40px;\u00bb]<\/p>\n<p>Focalizando las necesidades de cada cliente, con una DEDICACI\u00d3N PERSONAL, EXCLUSIVA, a un n\u00famero muy reducido de fincas, evitando ser uno m\u00e1s dentro de una extensa cartera de clientes.<\/p>\n<p>[\/et_pb_blurb][et_pb_blurb title=\u00bbAhorro\u00bb use_icon=\u00bbon\u00bb font_icon=\u00bb%%57%%\u00bb icon_placement=\u00bbleft\u00bb content_max_width=\u00bb1100px\u00bb _builder_version=\u00bb4.6.6&#8243; _module_preset=\u00bbdefault\u00bb header_text_align=\u00bbleft\u00bb header_text_color=\u00bb#ffffff\u00bb header_font_size=\u00bb26px\u00bb header_line_height=\u00bb1.3em\u00bb background_color=\u00bbrgba(0,0,0,0.7)\u00bb background_layout=\u00bbdark\u00bb module_alignment=\u00bbcenter\u00bb custom_padding=\u00bb30px|30px|30px|30px|true|true\u00bb custom_css_blurb_image=\u00bbwidth:40px;\u00bb width__hover_enabled=\u00bboff|desktop\u00bb]<\/p>\n<p>La unificaci\u00f3n de criterios proporciona eficiencia y el consiguiente AHORRO DE COSTES. Adem\u00e1s, es esencial implementar una adecuada POL\u00cdTICA DE OPTIMIZACI\u00d3N DE RECURSOS Y GASTOS.<\/p>\n<p>[\/et_pb_blurb][et_pb_blurb title=\u00bbAusencia de conflicto de intereses\u00bb use_icon=\u00bbon\u00bb font_icon=\u00bb%%57%%\u00bb icon_placement=\u00bbleft\u00bb content_max_width=\u00bb1100px\u00bb _builder_version=\u00bb4.6.6&#8243; _module_preset=\u00bbdefault\u00bb header_text_align=\u00bbleft\u00bb header_text_color=\u00bb#ffffff\u00bb header_font_size=\u00bb26px\u00bb header_line_height=\u00bb1.3em\u00bb background_color=\u00bbrgba(0,0,0,0.7)\u00bb background_layout=\u00bbdark\u00bb module_alignment=\u00bbcenter\u00bb custom_padding=\u00bb30px|30px|30px|30px|true|true\u00bb custom_css_blurb_image=\u00bbwidth:40px;\u00bb]<\/p>\n<p>La independencia y la no participaci\u00f3n en empresas de clientes ni de proveedores garantizan la ausencia de terceros intereses y permiten DEFENDER EXCLUSIVAMENTE LOS INTERESES DE NUESTROS CLIENTES.<\/p>\n<p>[\/et_pb_blurb][\/et_pb_column][et_pb_column type=\u00bb1_2&#8243; module_class=\u00bbds-vertical-align\u00bb _builder_version=\u00bb4.5.6&#8243; _module_preset=\u00bbdefault\u00bb][et_pb_gallery gallery_ids=\u00bb209726,209741,209739,209737,209733,209735&#8243; posts_number=\u00bb999&#8243; _builder_version=\u00bb4.5.6&#8243; _module_preset=\u00bbdefault\u00bb][\/et_pb_gallery][\/et_pb_column][\/et_pb_row][\/et_pb_section][et_pb_section fb_built=\u00bb1&#8243; _builder_version=\u00bb4.5.6&#8243; _module_preset=\u00bbdefault\u00bb background_color=\u00bb#000000&#8243; custom_padding=\u00bb30px||30px||true|false\u00bb][et_pb_row _builder_version=\u00bb4.5.6&#8243; _module_preset=\u00bbdefault\u00bb][et_pb_column type=\u00bb4_4&#8243; _builder_version=\u00bb4.5.6&#8243; _module_preset=\u00bbdefault\u00bb][et_pb_text _builder_version=\u00bb4.6.6&#8243; _module_preset=\u00bbdefault\u00bb header_2_text_color=\u00bb#ffffff\u00bb custom_margin=\u00bb||15px||false|false\u00bb]<\/p>\n<h2 style=\"text-align: center;\">Servicios<\/h2>\n<p>[\/et_pb_text][et_pb_divider divider_weight=\u00bb1px\u00bb _builder_version=\u00bb4.5.6&#8243; _module_preset=\u00bbdefault\u00bb max_width=\u00bb6%\u00bb module_alignment=\u00bbcenter\u00bb][\/et_pb_divider][\/et_pb_column][\/et_pb_row][\/et_pb_section][et_pb_section fb_built=\u00bb1&#8243; _builder_version=\u00bb4.6.6&#8243; _module_preset=\u00bbdefault\u00bb background_image=\u00bbhttps:\/\/jbmergelina.com\/wp-content\/uploads\/2020\/12\/servicios-jb-mergelina-cacerias-y-monterias.jpg\u00bb custom_padding=\u00bb100px||100px||true|false\u00bb locked=\u00bboff\u00bb][et_pb_row column_structure=\u00bb3_5,2_5&#8243; _builder_version=\u00bb4.6.6&#8243; _module_preset=\u00bbdefault\u00bb width=\u00bb90%\u00bb max_width=\u00bb2560px\u00bb][et_pb_column type=\u00bb3_5&#8243; _builder_version=\u00bb4.5.6&#8243; _module_preset=\u00bbdefault\u00bb][\/et_pb_column][et_pb_column type=\u00bb2_5&#8243; _builder_version=\u00bb4.6.6&#8243; _module_preset=\u00bbdefault\u00bb background_color=\u00bbrgba(0,0,0,0.7)\u00bb custom_padding=\u00bb40px|40px|40px|40px|true|true\u00bb custom_css_main_element=\u00bboutline: 1px solid #cfa670;||outline-offset: -10px;\u00bb][et_pb_blurb title=\u00bbGesti\u00f3n de los aprovechamientos\u00bb use_icon=\u00bbon\u00bb font_icon=\u00bb%%57%%\u00bb icon_placement=\u00bbleft\u00bb use_icon_font_size=\u00bbon\u00bb icon_font_size=\u00bb26px\u00bb _builder_version=\u00bb4.5.6&#8243; _module_preset=\u00bbdefault\u00bb header_text_color=\u00bb#ffffff\u00bb header_font_size=\u00bb22px\u00bb background_enable_color=\u00bboff\u00bb custom_margin=\u00bb||0px||false|false\u00bb custom_padding=\u00bb20px|20px|0px|20px|false|true\u00bb][\/et_pb_blurb][et_pb_blurb title=\u00bbMantenimiento de infraestructuras\u00bb use_icon=\u00bbon\u00bb font_icon=\u00bb%%57%%\u00bb icon_placement=\u00bbleft\u00bb use_icon_font_size=\u00bbon\u00bb icon_font_size=\u00bb26px\u00bb _builder_version=\u00bb4.5.6&#8243; _module_preset=\u00bbdefault\u00bb header_text_color=\u00bb#ffffff\u00bb header_font_size=\u00bb22px\u00bb background_enable_color=\u00bboff\u00bb custom_margin=\u00bb||0px||false|false\u00bb custom_padding=\u00bb20px|20px|0px|20px|false|true\u00bb][\/et_pb_blurb][et_pb_blurb title=\u00bbSelecci\u00f3n y gesti\u00f3n del personal\u00bb use_icon=\u00bbon\u00bb font_icon=\u00bb%%57%%\u00bb icon_placement=\u00bbleft\u00bb use_icon_font_size=\u00bbon\u00bb icon_font_size=\u00bb26px\u00bb _builder_version=\u00bb4.5.6&#8243; _module_preset=\u00bbdefault\u00bb header_text_color=\u00bb#ffffff\u00bb header_font_size=\u00bb22px\u00bb background_enable_color=\u00bboff\u00bb custom_margin=\u00bb||0px||false|false\u00bb custom_padding=\u00bb20px|20px|0px|20px|false|true\u00bb][\/et_pb_blurb][et_pb_blurb title=\u00bbGesti\u00f3n de la maquinaria\u00bb use_icon=\u00bbon\u00bb font_icon=\u00bb%%57%%\u00bb icon_placement=\u00bbleft\u00bb use_icon_font_size=\u00bbon\u00bb icon_font_size=\u00bb26px\u00bb _builder_version=\u00bb4.5.6&#8243; _module_preset=\u00bbdefault\u00bb header_text_color=\u00bb#ffffff\u00bb header_font_size=\u00bb22px\u00bb background_enable_color=\u00bboff\u00bb custom_margin=\u00bb||0px||false|false\u00bb custom_padding=\u00bb20px|20px|0px|20px|false|true\u00bb][\/et_pb_blurb][et_pb_blurb title=\u00bbSelecci\u00f3n y seguimiento de subcontratas\u00bb use_icon=\u00bbon\u00bb font_icon=\u00bb%%57%%\u00bb icon_placement=\u00bbleft\u00bb use_icon_font_size=\u00bbon\u00bb icon_font_size=\u00bb26px\u00bb _builder_version=\u00bb4.5.6&#8243; _module_preset=\u00bbdefault\u00bb header_text_color=\u00bb#ffffff\u00bb header_font_size=\u00bb22px\u00bb background_enable_color=\u00bboff\u00bb custom_margin=\u00bb||0px||false|false\u00bb custom_padding=\u00bb20px|20px|0px|20px|false|true\u00bb][\/et_pb_blurb][et_pb_blurb title=\u00bbComercializaci\u00f3n de productos\u00bb use_icon=\u00bbon\u00bb font_icon=\u00bb%%57%%\u00bb icon_placement=\u00bbleft\u00bb use_icon_font_size=\u00bbon\u00bb icon_font_size=\u00bb26px\u00bb _builder_version=\u00bb4.5.6&#8243; _module_preset=\u00bbdefault\u00bb header_text_color=\u00bb#ffffff\u00bb header_font_size=\u00bb22px\u00bb background_enable_color=\u00bboff\u00bb custom_margin=\u00bb||0px||false|false\u00bb custom_padding=\u00bb20px|20px|20px|20px|false|true\u00bb][\/et_pb_blurb][\/et_pb_column][\/et_pb_row][\/et_pb_section][et_pb_section fb_built=\u00bb1&#8243; _builder_version=\u00bb4.5.6&#8243; _module_preset=\u00bbdefault\u00bb background_color=\u00bb#000000&#8243; custom_padding=\u00bb30px||30px||true|false\u00bb][et_pb_row _builder_version=\u00bb4.5.6&#8243; _module_preset=\u00bbdefault\u00bb][et_pb_column type=\u00bb4_4&#8243; _builder_version=\u00bb4.5.6&#8243; _module_preset=\u00bbdefault\u00bb][et_pb_text _builder_version=\u00bb4.5.6&#8243; _module_preset=\u00bbdefault\u00bb header_2_text_color=\u00bb#ffffff\u00bb custom_margin=\u00bb||15px||false|false\u00bb]<\/p>\n<h2 style=\"text-align: center;\">Asistencia administrativa<\/h2>\n<p>[\/et_pb_text][et_pb_divider divider_weight=\u00bb1px\u00bb _builder_version=\u00bb4.5.6&#8243; _module_preset=\u00bbdefault\u00bb max_width=\u00bb6%\u00bb module_alignment=\u00bbcenter\u00bb][\/et_pb_divider][\/et_pb_column][\/et_pb_row][\/et_pb_section][et_pb_section fb_built=\u00bb1&#8243; _builder_version=\u00bb4.6.6&#8243; _module_preset=\u00bbdefault\u00bb background_image=\u00bbhttps:\/\/jbmergelina.com\/wp-content\/uploads\/2020\/10\/gestion_administrativa.jpg\u00bb divi_se_set=\u00bbvimeobg\u00bb divi_se_vimeobg_transform=\u00bbdivi_se_vimeobg\u00bb divi_se_vimeobg_id=\u00bb477989218&#8243; locked=\u00bboff\u00bb divi_se_youtube_preview=\u00bbno\u00bb][et_pb_row column_structure=\u00bb1_2,1_2&#8243; module_id=\u00bbadministrativa\u00bb _builder_version=\u00bb4.6.6&#8243; _module_preset=\u00bbdefault\u00bb][et_pb_column type=\u00bb1_2&#8243; _builder_version=\u00bb4.6.6&#8243; _module_preset=\u00bbdefault\u00bb background_color=\u00bbrgba(0,0,0,0.7)\u00bb custom_padding=\u00bb30px|30px|30px|30px|true|true\u00bb custom_css_main_element=\u00bboutline: 1px solid #cfa670;||outline-offset: -10px;\u00bb][et_pb_blurb title=\u00bbGestiones en todas las Administraciones P\u00fablicas\u00bb use_icon=\u00bbon\u00bb font_icon=\u00bb%%57%%\u00bb icon_placement=\u00bbleft\u00bb _builder_version=\u00bb4.5.6&#8243; _module_preset=\u00bbdefault\u00bb header_font=\u00bb|600|||||||\u00bb header_text_color=\u00bb#ffffff\u00bb body_text_color=\u00bb#ffffff\u00bb]<\/p>\n<p>Permisos, licencias, proyectos, concesiones, notificaciones, requerimientos, impuestos, procedimientos sancionadores\u2026<\/p>\n<p>[\/et_pb_blurb][et_pb_blurb title=\u00bbGesti\u00f3n de ayudas y subvenciones\u00bb use_icon=\u00bbon\u00bb font_icon=\u00bb%%57%%\u00bb icon_placement=\u00bbleft\u00bb _builder_version=\u00bb4.5.6&#8243; _module_preset=\u00bbdefault\u00bb header_font=\u00bb|600|||||||\u00bb header_text_color=\u00bb#ffffff\u00bb body_text_color=\u00bb#ffffff\u00bb]<\/p>\n<p><strong><\/strong>Pol\u00edtica Agraria Comunitaria (PAC), Ayudas Agroambientales, Ayudas de Desarrollo Rural\u2026<\/p>\n<p>[\/et_pb_blurb][et_pb_blurb title=\u00bbAsesor\u00eda laboral\u00bb use_icon=\u00bbon\u00bb font_icon=\u00bb%%57%%\u00bb icon_placement=\u00bbleft\u00bb _builder_version=\u00bb4.5.6&#8243; _module_preset=\u00bbdefault\u00bb header_font=\u00bb|600|||||||\u00bb header_text_color=\u00bb#ffffff\u00bb body_text_color=\u00bb#ffffff\u00bb]<\/p>\n<p>N\u00f3minas, altas y bajas, seguros sociales, prevenci\u00f3n de riesgos laborales\u2026<\/p>\n<p>[\/et_pb_blurb][et_pb_blurb title=\u00bbAsesor\u00eda fiscal y contable\u00bb use_icon=\u00bbon\u00bb font_icon=\u00bb%%57%%\u00bb icon_placement=\u00bbleft\u00bb _builder_version=\u00bb4.5.6&#8243; _module_preset=\u00bbdefault\u00bb header_font=\u00bb|600|||||||\u00bb header_text_color=\u00bb#ffffff\u00bb body_text_color=\u00bb#ffffff\u00bb]<\/p>\n<p>Registros contables, declaraci\u00f3n de impuestos, asesoramiento fiscal\u2026<\/p>\n<p>[\/et_pb_blurb][\/et_pb_column][et_pb_column type=\u00bb1_2&#8243; _builder_version=\u00bb4.6.6&#8243; _module_preset=\u00bbdefault\u00bb background_color=\u00bbrgba(0,0,0,0.7)\u00bb custom_padding=\u00bb30px|30px|30px|30px|true|true\u00bb custom_css_main_element=\u00bboutline: 1px solid #cfa670;||outline-offset: -10px;\u00bb][et_pb_blurb title=\u00bbDisciplina de gastos\u00bb use_icon=\u00bbon\u00bb font_icon=\u00bb%%57%%\u00bb icon_placement=\u00bbleft\u00bb _builder_version=\u00bb4.5.6&#8243; _module_preset=\u00bbdefault\u00bb header_font=\u00bb|600|||||||\u00bb header_text_color=\u00bb#ffffff\u00bb body_text_color=\u00bb#ffffff\u00bb]<\/p>\n<p>optimizaci\u00f3n y eficiencia en la contrataci\u00f3n de servicios y suministros:<\/p>\n<ul>\n<li>Cartera de seguros<\/li>\n<li>Compa\u00f1\u00edas de suministros (electricidad, gas, combustibles\u2026)<\/li>\n<li>Compraventa y mantenimiento de veh\u00edculos y maquinaria<\/li>\n<li>Conservaci\u00f3n de instalaciones<\/li>\n<li>Compraventa de productos (piensos, semillas, canales de carne\u2026)<\/li>\n<li>Servicios profesionales de terceros (veterinarios, ingenieros, arquitectos, contratistas\u2026)<\/li>\n<\/ul>\n<p>[\/et_pb_blurb][\/et_pb_column][\/et_pb_row][\/et_pb_section]<\/p>\n","protected":false},"excerpt":{"rendered":"<p>JB Mergelina proporciona el mejor asesoramiento, basado en el profundo conocimiento que le proporciona su dilatada experiencia.JB Mergelina posee una gran experiencia en la gesti\u00f3n integral de fincas y tambi\u00e9n ofrece servicios de asesoramiento puntuales, como la ayuda en la organizaci\u00f3n de monter\u00edas y cacer\u00edas, el estudio de proyectos concretos o la realizaci\u00f3n de trabajos [&hellip;]<\/p>\n","protected":false},"author":1,"featured_media":210525,"parent":0,"menu_order":0,"comment_status":"closed","ping_status":"closed","template":"","meta":{"_et_pb_use_builder":"on","_et_pb_old_content":"","_et_gb_content_width":"","footnotes":""},"_links":{"self":[{"href":"https:\/\/jbmergelina.com\/es\/wp-json\/wp\/v2\/pages\/20"}],"collection":[{"href":"https:\/\/jbmergelina.com\/es\/wp-json\/wp\/v2\/pages"}],"about":[{"href":"https:\/\/jbmergelina.com\/es\/wp-json\/wp\/v2\/types\/page"}],"author":[{"embeddable":true,"href":"https:\/\/jbmergelina.com\/es\/wp-json\/wp\/v2\/users\/1"}],"replies":[{"embeddable":true,"href":"https:\/\/jbmergelina.com\/es\/wp-json\/wp\/v2\/comments?post=20"}],"version-history":[{"count":3,"href":"https:\/\/jbmergelina.com\/es\/wp-json\/wp\/v2\/pages\/20\/revisions"}],"predecessor-version":[{"id":210766,"href":"https:\/\/jbmergelina.com\/es\/wp-json\/wp\/v2\/pages\/20\/revisions\/210766"}],"wp:featuredmedia":[{"embeddable":true,"href":"https:\/\/jbmergelina.com\/es\/wp-json\/wp\/v2\/media\/210525"}],"wp:attachment":[{"href":"https:\/\/jbmergelina.com\/es\/wp-json\/wp\/v2\/media?parent=20"}],"curies":[{"name":"wp","href":"https:\/\/api.w.org\/{rel}","templated":true}]}}