{"id":210727,"date":"2021-01-25T11:51:03","date_gmt":"2021-01-25T11:51:03","guid":{"rendered":"https:\/\/jbmergelina.com\/?page_id=210727"},"modified":"2021-02-02T12:38:53","modified_gmt":"2021-02-02T12:38:53","slug":"spanish-monteria-sitemap-html","status":"publish","type":"page","link":"https:\/\/jbmergelina.com\/es\/spanish-monteria-sitemap-html\/","title":{"rendered":"Cacer\u00edas y Monter\u00edas &#8211; SiteMap HTML"},"content":{"rendered":"<h4>SiteMap de Cacer\u00edas y Monter\u00edas en Espa\u00f1a, JB Mergelina<\/h4>\n<div class=\"wsp-container\"><h2 class=\"wsp-pages-title\">P\u00e1ginas<\/h2>\n<ul class=\"wsp-pages-list\">\n<li class=\"page_item page-item-210727\"><a href=\"https:\/\/jbmergelina.com\/es\/spanish-monteria-sitemap-html\/\">Cacer\u00edas y Monter\u00edas &#8211; SiteMap HTML<\/a><\/li>\n<li class=\"page_item page-item-10\"><a href=\"https:\/\/jbmergelina.com\/es\/\">Caza en El Arenal<\/a><\/li>\n<li class=\"page_item page-item-22\"><a href=\"https:\/\/jbmergelina.com\/es\/compraventa-de-fincas\/\">Compraventa de Fincas<\/a><\/li>\n<li class=\"page_item page-item-18 page_item_has_children\"><a href=\"https:\/\/jbmergelina.com\/es\/caza-el-arenal\/\">Fincas de Caza &#8211; El Arenal<\/a>\n<ul class='children'>\n\t<li class=\"page_item page-item-30\"><a href=\"https:\/\/jbmergelina.com\/es\/caza-el-arenal\/alojamiento\/\">Alojamiento<\/a><\/li>\n\t<li class=\"page_item page-item-28\"><a href=\"https:\/\/jbmergelina.com\/es\/caza-el-arenal\/cacerias-de-perdices\/\">Cacer\u00edas de Perdices<\/a><\/li>\n\t<li class=\"page_item page-item-26\"><a href=\"https:\/\/jbmergelina.com\/es\/caza-el-arenal\/monterias\/\">Monter\u00edas<\/a><\/li>\n<\/ul>\n<\/li>\n<li class=\"page_item page-item-20\"><a href=\"https:\/\/jbmergelina.com\/es\/gestion-de-fincas\/\">Gesti\u00f3n de Fincas<\/a><\/li>\n<\/ul>\n<h2 class=\"wsp-rl_gallerys-title\">Galer\u00edas<\/h2>\n<ul class=\"wsp-rl_gallerys-list\">\n<li><a href=\"https:\/\/jbmergelina.com\/es\/rl_gallery\/services\/\">Services<\/a><\/li>\n<li><a href=\"https:\/\/jbmergelina.com\/es\/rl_gallery\/compra-venta\/\">Compra venta<\/a><\/li>\n<li><a href=\"https:\/\/jbmergelina.com\/es\/rl_gallery\/alojamiento-el-arenal\/\">Alojamiento El Arenal<\/a><\/li>\n<li><a href=\"https:\/\/jbmergelina.com\/es\/rl_gallery\/136\/\">Cacer\u00edas<\/a><\/li>\n<\/ul>\n<h2 class=\"wsp-layout_categorys-title\">Categor\u00edas<\/h2>\n<ul class=\"wsp-layout_categorys-list\">\n<li><a href=\"https:\/\/jbmergelina.com\/es\/layout_category\/sliders\/\">Sliders<\/a><\/li>\n<\/ul>\n<h2 class=\"wsp-layout_types-title\">Tipo<\/h2>\n<ul class=\"wsp-layout_types-list\">\n<li><a href=\"https:\/\/jbmergelina.com\/es\/layout_type\/layout\/\">layout<\/a><\/li>\n<li><a href=\"https:\/\/jbmergelina.com\/es\/layout_type\/section\/\">section<\/a><\/li>\n<\/ul>\n<h2 class=\"wsp-module_widths-title\">Anchura de m\u00f3dulo<\/h2>\n<ul class=\"wsp-module_widths-list\">\n<li><a href=\"https:\/\/jbmergelina.com\/es\/module_width\/regular\/\">regular<\/a><\/li>\n<\/ul>\n<h2 class=\"wsp-scopes-title\">\u00c1mbito<\/h2>\n<ul class=\"wsp-scopes-list\">\n<li><a href=\"https:\/\/jbmergelina.com\/es\/scope\/not_global\/\">not_global<\/a><\/li>\n<\/ul>\n<\/div>\n","protected":false},"excerpt":{"rendered":"<p>SiteMap de Cacer\u00edas y Monter\u00edas en Espa\u00f1a, JB Mergelina<\/p>\n","protected":false},"author":1,"featured_media":210502,"parent":0,"menu_order":0,"comment_status":"closed","ping_status":"closed","template":"","meta":{"_et_pb_use_builder":"","_et_pb_old_content":"","_et_gb_content_width":"","footnotes":""},"_links":{"self":[{"href":"https:\/\/jbmergelina.com\/es\/wp-json\/wp\/v2\/pages\/210727"}],"collection":[{"href":"https:\/\/jbmergelina.com\/es\/wp-json\/wp\/v2\/pages"}],"about":[{"href":"https:\/\/jbmergelina.com\/es\/wp-json\/wp\/v2\/types\/page"}],"author":[{"embeddable":true,"href":"https:\/\/jbmergelina.com\/es\/wp-json\/wp\/v2\/users\/1"}],"replies":[{"embeddable":true,"href":"https:\/\/jbmergelina.com\/es\/wp-json\/wp\/v2\/comments?post=210727"}],"version-history":[{"count":4,"href":"https:\/\/jbmergelina.com\/es\/wp-json\/wp\/v2\/pages\/210727\/revisions"}],"predecessor-version":[{"id":210760,"href":"https:\/\/jbmergelina.com\/es\/wp-json\/wp\/v2\/pages\/210727\/revisions\/210760"}],"wp:featuredmedia":[{"embeddable":true,"href":"https:\/\/jbmergelina.com\/es\/wp-json\/wp\/v2\/media\/210502"}],"wp:attachment":[{"href":"https:\/\/jbmergelina.com\/es\/wp-json\/wp\/v2\/media?parent=210727"}],"curies":[{"name":"wp","href":"https:\/\/api.w.org\/{rel}","templated":true}]}}