{"id":22,"date":"2020-10-16T11:04:18","date_gmt":"2020-10-16T11:04:18","guid":{"rendered":"https:\/\/jbmergelina.com\/?page_id=22"},"modified":"2021-02-02T12:46:26","modified_gmt":"2021-02-02T12:46:26","slug":"compraventa-de-fincas","status":"publish","type":"page","link":"https:\/\/jbmergelina.com\/es\/compraventa-de-fincas\/","title":{"rendered":"Compraventa de Fincas"},"content":{"rendered":"<p>[et_pb_section fb_built=\u00bb1&#8243; _builder_version=\u00bb4.5.6&#8243; _module_preset=\u00bbdefault\u00bb background_color=\u00bb#000000&#8243; custom_padding=\u00bb30px||30px||true|false\u00bb][et_pb_row _builder_version=\u00bb4.5.6&#8243; _module_preset=\u00bbdefault\u00bb][et_pb_column type=\u00bb4_4&#8243; _builder_version=\u00bb4.5.6&#8243; _module_preset=\u00bbdefault\u00bb][et_pb_text _builder_version=\u00bb4.6.6&#8243; _module_preset=\u00bbdefault\u00bb header_2_text_color=\u00bb#ffffff\u00bb custom_margin=\u00bb||15px||false|false\u00bb]<\/p>\n<h2 style=\"text-align: center;\">JB Mergelina posee un extenso portfolio de fincas r\u00fasticas, de car\u00e1cter cineg\u00e9tico, agr\u00edcola, ganadero o de recreo.<\/h2>\n<p>[\/et_pb_text][et_pb_divider divider_weight=\u00bb1px\u00bb _builder_version=\u00bb4.5.6&#8243; _module_preset=\u00bbdefault\u00bb max_width=\u00bb6%\u00bb module_alignment=\u00bbcenter\u00bb][\/et_pb_divider][\/et_pb_column][\/et_pb_row][\/et_pb_section][et_pb_section fb_built=\u00bb1&#8243; custom_padding_last_edited=\u00bbon|tablet\u00bb _builder_version=\u00bb4.7.7&#8243; _module_preset=\u00bbdefault\u00bb background_image=\u00bbhttps:\/\/jbmergelina.com\/wp-content\/uploads\/2020\/10\/compraventa_1.jpg\u00bb custom_padding=\u00bb210px||210px||true|false\u00bb custom_padding_tablet=\u00bb40px||40px||true|false\u00bb custom_padding_phone=\u00bb\u00bb][et_pb_row column_structure=\u00bb3_5,2_5&#8243; _builder_version=\u00bb4.6.6&#8243; _module_preset=\u00bbdefault\u00bb width=\u00bb90%\u00bb max_width=\u00bb2560px\u00bb][et_pb_column type=\u00bb3_5&#8243; _builder_version=\u00bb4.5.6&#8243; _module_preset=\u00bbdefault\u00bb][\/et_pb_column][et_pb_column type=\u00bb2_5&#8243; _builder_version=\u00bb4.6.6&#8243; _module_preset=\u00bbdefault\u00bb background_color=\u00bbrgba(0,0,0,0.7)\u00bb custom_padding=\u00bb40px|40px|40px|40px|true|true\u00bb custom_css_main_element=\u00bboutline: 1px solid #cfa670;||outline-offset: -10px;\u00bb][et_pb_text _builder_version=\u00bb4.5.6&#8243; _module_preset=\u00bbdefault\u00bb background_layout=\u00bbdark\u00bb]<\/p>\n<p style=\"text-align: justify;\">Ofrecemos el mejor asesoramiento, de forma personal y transparente, priorizando sus necesidades o intereses, con el \u00fanico objetivo de que nuestros clientes puedan tomar la mejor decisi\u00f3n.<\/p>\n<p>[\/et_pb_text][\/et_pb_column][\/et_pb_row][\/et_pb_section][et_pb_section fb_built=\u00bb1&#8243; _builder_version=\u00bb4.5.6&#8243; _module_preset=\u00bbdefault\u00bb background_color=\u00bb#000000&#8243; custom_padding=\u00bb30px||30px||false|false\u00bb][et_pb_row _builder_version=\u00bb4.5.6&#8243; _module_preset=\u00bbdefault\u00bb][et_pb_column type=\u00bb4_4&#8243; _builder_version=\u00bb4.5.6&#8243; _module_preset=\u00bbdefault\u00bb][et_pb_text _builder_version=\u00bb4.6.6&#8243; _module_preset=\u00bbdefault\u00bb header_2_text_color=\u00bb#ffffff\u00bb custom_margin=\u00bb||15px||false|false\u00bb]<\/p>\n<h2 style=\"text-align: center;\">Por qu\u00e9 compraventa de JB Mergelina<\/h2>\n<p>[\/et_pb_text][et_pb_divider divider_weight=\u00bb2px\u00bb _builder_version=\u00bb4.5.6&#8243; _module_preset=\u00bbdefault\u00bb max_width=\u00bb6%\u00bb module_alignment=\u00bbcenter\u00bb][\/et_pb_divider][\/et_pb_column][\/et_pb_row][\/et_pb_section][et_pb_section fb_built=\u00bb1&#8243; _builder_version=\u00bb4.6.6&#8243; _module_preset=\u00bbdefault\u00bb background_color=\u00bb#1c1c1c\u00bb divi_se_set=\u00bbvimeobg\u00bb divi_se_vimeobg_transform=\u00bbdivi_se_vimeobg\u00bb divi_se_vimeobg_id=\u00bb477989162&#8243; divi_se_youtube_preview=\u00bbno\u00bb][et_pb_row column_structure=\u00bb1_2,1_2&#8243; use_custom_gutter=\u00bbon\u00bb gutter_width=\u00bb2&#8243; make_equal=\u00bbon\u00bb _builder_version=\u00bb4.5.6&#8243; _module_preset=\u00bbdefault\u00bb width=\u00bb90%\u00bb max_width=\u00bb2560px\u00bb][et_pb_column type=\u00bb1_2&#8243; module_class=\u00bbds-vertical-align\u00bb _builder_version=\u00bb4.5.6&#8243; _module_preset=\u00bbdefault\u00bb][et_pb_blurb title=\u00bbAsistencia personal\u00bb use_icon=\u00bbon\u00bb font_icon=\u00bb%%57%%\u00bb icon_placement=\u00bbleft\u00bb content_max_width=\u00bb1100px\u00bb _builder_version=\u00bb4.6.6&#8243; _module_preset=\u00bbdefault\u00bb header_text_align=\u00bbleft\u00bb header_text_color=\u00bb#ffffff\u00bb header_font_size=\u00bb26px\u00bb header_line_height=\u00bb1.3em\u00bb background_color=\u00bbrgba(0,0,0,0.7)\u00bb background_layout=\u00bbdark\u00bb module_alignment=\u00bbcenter\u00bb custom_padding=\u00bb30px|30px|30px|30px|true|true\u00bb custom_css_blurb_image=\u00bbwidth:40px;\u00bb][\/et_pb_blurb][et_pb_blurb title=\u00bbAsesoramiento transparente\u00bb use_icon=\u00bbon\u00bb font_icon=\u00bb%%57%%\u00bb icon_placement=\u00bbleft\u00bb content_max_width=\u00bb1100px\u00bb _builder_version=\u00bb4.6.6&#8243; _module_preset=\u00bbdefault\u00bb header_text_align=\u00bbleft\u00bb header_text_color=\u00bb#ffffff\u00bb header_font_size=\u00bb26px\u00bb header_line_height=\u00bb1.3em\u00bb background_color=\u00bbrgba(0,0,0,0.7)\u00bb background_layout=\u00bbdark\u00bb module_alignment=\u00bbcenter\u00bb custom_padding=\u00bb30px|30px|30px|30px|true|true\u00bb custom_css_blurb_image=\u00bbwidth:40px;\u00bb][\/et_pb_blurb][et_pb_blurb title=\u00bbAmplio portfolio\u00bb use_icon=\u00bbon\u00bb font_icon=\u00bb%%57%%\u00bb icon_placement=\u00bbleft\u00bb content_max_width=\u00bb1100px\u00bb _builder_version=\u00bb4.6.6&#8243; _module_preset=\u00bbdefault\u00bb header_text_align=\u00bbleft\u00bb header_text_color=\u00bb#ffffff\u00bb header_font_size=\u00bb26px\u00bb header_line_height=\u00bb1.3em\u00bb background_color=\u00bbrgba(0,0,0,0.7)\u00bb background_layout=\u00bbdark\u00bb module_alignment=\u00bbcenter\u00bb custom_padding=\u00bb30px|30px|30px|30px|true|true\u00bb custom_css_blurb_image=\u00bbwidth:40px;\u00bb width__hover_enabled=\u00bboff|desktop\u00bb][\/et_pb_blurb][et_pb_blurb title=\u00bbTodo tipo de fincas y explotaciones\u00bb use_icon=\u00bbon\u00bb font_icon=\u00bb%%57%%\u00bb icon_placement=\u00bbleft\u00bb content_max_width=\u00bb1100px\u00bb _builder_version=\u00bb4.6.6&#8243; _module_preset=\u00bbdefault\u00bb header_text_align=\u00bbleft\u00bb header_text_color=\u00bb#ffffff\u00bb header_font_size=\u00bb26px\u00bb header_line_height=\u00bb1.3em\u00bb background_color=\u00bbrgba(0,0,0,0.7)\u00bb background_layout=\u00bbdark\u00bb module_alignment=\u00bbcenter\u00bb custom_padding=\u00bb30px|30px|30px|30px|true|true\u00bb custom_css_blurb_image=\u00bbwidth:40px;\u00bb][\/et_pb_blurb][\/et_pb_column][et_pb_column type=\u00bb1_2&#8243; module_class=\u00bbds-vertical-align\u00bb _builder_version=\u00bb4.5.6&#8243; _module_preset=\u00bbdefault\u00bb][et_pb_gallery gallery_ids=\u00bb278,277,276,275,280,281&#8243; posts_number=\u00bb999&#8243; _builder_version=\u00bb4.5.6&#8243; _module_preset=\u00bbdefault\u00bb][\/et_pb_gallery][\/et_pb_column][\/et_pb_row][\/et_pb_section]<\/p>\n","protected":false},"excerpt":{"rendered":"<p>JB Mergelina posee un extenso portfolio de fincas r\u00fasticas, de car\u00e1cter cineg\u00e9tico, agr\u00edcola, ganadero o de recreo.Ofrecemos el mejor asesoramiento, de forma personal y transparente, priorizando sus necesidades o intereses, con el \u00fanico objetivo de que nuestros clientes puedan tomar la mejor decisi\u00f3n.Por qu\u00e9 compraventa de JB Mergelina<\/p>\n","protected":false},"author":1,"featured_media":209769,"parent":0,"menu_order":0,"comment_status":"closed","ping_status":"closed","template":"","meta":{"_et_pb_use_builder":"on","_et_pb_old_content":"","_et_gb_content_width":"","footnotes":""},"_links":{"self":[{"href":"https:\/\/jbmergelina.com\/es\/wp-json\/wp\/v2\/pages\/22"}],"collection":[{"href":"https:\/\/jbmergelina.com\/es\/wp-json\/wp\/v2\/pages"}],"about":[{"href":"https:\/\/jbmergelina.com\/es\/wp-json\/wp\/v2\/types\/page"}],"author":[{"embeddable":true,"href":"https:\/\/jbmergelina.com\/es\/wp-json\/wp\/v2\/users\/1"}],"replies":[{"embeddable":true,"href":"https:\/\/jbmergelina.com\/es\/wp-json\/wp\/v2\/comments?post=22"}],"version-history":[{"count":2,"href":"https:\/\/jbmergelina.com\/es\/wp-json\/wp\/v2\/pages\/22\/revisions"}],"predecessor-version":[{"id":210764,"href":"https:\/\/jbmergelina.com\/es\/wp-json\/wp\/v2\/pages\/22\/revisions\/210764"}],"wp:featuredmedia":[{"embeddable":true,"href":"https:\/\/jbmergelina.com\/es\/wp-json\/wp\/v2\/media\/209769"}],"wp:attachment":[{"href":"https:\/\/jbmergelina.com\/es\/wp-json\/wp\/v2\/media?parent=22"}],"curies":[{"name":"wp","href":"https:\/\/api.w.org\/{rel}","templated":true}]}}