{"id":30,"date":"2020-10-16T11:06:48","date_gmt":"2020-10-16T11:06:48","guid":{"rendered":"https:\/\/jbmergelina.com\/?page_id=30"},"modified":"2021-02-25T14:13:41","modified_gmt":"2021-02-25T14:13:41","slug":"alojamiento","status":"publish","type":"page","link":"https:\/\/jbmergelina.com\/es\/caza-el-arenal\/alojamiento\/","title":{"rendered":"Alojamiento"},"content":{"rendered":"<p>[et_pb_section fb_built=\u00bb1&#8243; _builder_version=\u00bb4.5.6&#8243; _module_preset=\u00bbdefault\u00bb background_color=\u00bb#000000&#8243; custom_padding=\u00bb30px||30px||true|false\u00bb][et_pb_row _builder_version=\u00bb4.5.6&#8243; _module_preset=\u00bbdefault\u00bb][et_pb_column type=\u00bb4_4&#8243; _builder_version=\u00bb4.5.6&#8243; _module_preset=\u00bbdefault\u00bb][et_pb_text _builder_version=\u00bb4.7.7&#8243; _module_preset=\u00bbdefault\u00bb header_2_text_color=\u00bb#ffffff\u00bb custom_margin=\u00bb||15px||false|false\u00bb hover_enabled=\u00bb0&#8243; header_text_color=\u00bb#ffffff\u00bb header_font_size=\u00bb26px\u00bb sticky_enabled=\u00bb0&#8243;]<\/p>\n<h1 style=\"text-align: center;\">Alojamiento<\/h1>\n<p>[\/et_pb_text][et_pb_divider divider_weight=\u00bb1px\u00bb _builder_version=\u00bb4.5.6&#8243; _module_preset=\u00bbdefault\u00bb max_width=\u00bb6%\u00bb module_alignment=\u00bbcenter\u00bb][\/et_pb_divider][\/et_pb_column][\/et_pb_row][\/et_pb_section][et_pb_section fb_built=\u00bb1&#8243; _builder_version=\u00bb4.5.6&#8243; _module_preset=\u00bbdefault\u00bb background_image=\u00bbhttps:\/\/jbmergelina.com\/wp-content\/uploads\/2020\/10\/alojamiento-finca-el-arenal-jb-mergelina.jpg\u00bb custom_padding=\u00bb100px||100px||true|false\u00bb][et_pb_row column_structure=\u00bb3_5,2_5&#8243; _builder_version=\u00bb4.6.6&#8243; _module_preset=\u00bbdefault\u00bb width=\u00bb90%\u00bb max_width=\u00bb2560px\u00bb][et_pb_column type=\u00bb3_5&#8243; _builder_version=\u00bb4.5.6&#8243; _module_preset=\u00bbdefault\u00bb][\/et_pb_column][et_pb_column type=\u00bb2_5&#8243; _builder_version=\u00bb4.6.6&#8243; _module_preset=\u00bbdefault\u00bb background_color=\u00bbrgba(0,0,0,0.7)\u00bb custom_padding=\u00bb40px|40px|40px|40px|true|true\u00bb custom_css_main_element=\u00bboutline: 1px solid #cfa670;||outline-offset: -10px;\u00bb][et_pb_text _builder_version=\u00bb4.5.6&#8243; _module_preset=\u00bbdefault\u00bb background_layout=\u00bbdark\u00bb]<\/p>\n<p style=\"text-align: justify;\">La casa de El Arenal es una construcci\u00f3n verdaderamente especial, situada en un emplazamiento privilegiado, con vistas al r\u00edo Guadiana. La casa est\u00e1 construida con un estilo propio, combinando la arquitectura tradicional con la decoraci\u00f3n m\u00e1s exquisita.<\/p>\n<p style=\"text-align: justify;\">El interior de la casa de El Arenal posee una destacada colecci\u00f3n de muebles y piezas de arte, que provienen de los palacios de la familia Mergelina en Ronda, Tudela y Villena, y casas se\u00f1oriales de Sanl\u00facar de Barrameda.<\/p>\n<p style=\"text-align: justify;\">Recientemente reformada, la casa de El Arenal proporciona todas las comodidades, donde se cuida hasta el \u00faltimo detalle y se ofrece el trato m\u00e1s exquisito.<\/p>\n<p>[\/et_pb_text][\/et_pb_column][\/et_pb_row][\/et_pb_section][et_pb_section fb_built=\u00bb1&#8243; _builder_version=\u00bb4.5.6&#8243; _module_preset=\u00bbdefault\u00bb custom_padding=\u00bb0px||0px||true|false\u00bb][et_pb_row column_structure=\u00bb1_2,1_2&#8243; use_custom_gutter=\u00bbon\u00bb gutter_width=\u00bb1&#8243; make_equal=\u00bbon\u00bb _builder_version=\u00bb4.5.6&#8243; _module_preset=\u00bbdefault\u00bb width=\u00bb100%\u00bb max_width=\u00bb2559px\u00bb custom_padding=\u00bb0px||0px||true|false\u00bb][et_pb_column type=\u00bb1_2&#8243; _builder_version=\u00bb4.5.6&#8243; _module_preset=\u00bbdefault\u00bb][et_pb_image src=\u00bbhttps:\/\/jbmergelina.com\/wp-content\/uploads\/2020\/10\/alojamiento_el_arenal_2.jpg\u00bb title_text=\u00bbalojamiento_el_arenal_2&#8243; _builder_version=\u00bb4.5.6&#8243; _module_preset=\u00bbdefault\u00bb][\/et_pb_image][\/et_pb_column][et_pb_column type=\u00bb1_2&#8243; _builder_version=\u00bb4.5.6&#8243; _module_preset=\u00bbdefault\u00bb][et_pb_image src=\u00bbhttps:\/\/jbmergelina.com\/wp-content\/uploads\/2020\/10\/alojamiento_el_arenal_4.jpg\u00bb title_text=\u00bbalojamiento_el_arenal_4&#8243; _builder_version=\u00bb4.5.6&#8243; _module_preset=\u00bbdefault\u00bb][\/et_pb_image][\/et_pb_column][\/et_pb_row][et_pb_row column_structure=\u00bb1_2,1_2&#8243; use_custom_gutter=\u00bbon\u00bb gutter_width=\u00bb1&#8243; make_equal=\u00bbon\u00bb _builder_version=\u00bb4.5.6&#8243; _module_preset=\u00bbdefault\u00bb width=\u00bb100%\u00bb max_width=\u00bb2559px\u00bb custom_padding=\u00bb0px||0px||true|false\u00bb][et_pb_column type=\u00bb1_2&#8243; _builder_version=\u00bb4.5.6&#8243; _module_preset=\u00bbdefault\u00bb][et_pb_image src=\u00bbhttps:\/\/jbmergelina.com\/wp-content\/uploads\/2020\/10\/alojamiento_el_arenal_5.jpg\u00bb title_text=\u00bbalojamiento_el_arenal_5&#8243; _builder_version=\u00bb4.5.6&#8243; _module_preset=\u00bbdefault\u00bb][\/et_pb_image][\/et_pb_column][et_pb_column type=\u00bb1_2&#8243; _builder_version=\u00bb4.5.6&#8243; _module_preset=\u00bbdefault\u00bb][et_pb_image src=\u00bbhttps:\/\/jbmergelina.com\/wp-content\/uploads\/2020\/10\/alojamiento_el_arenal_6.jpg\u00bb title_text=\u00bbalojamiento_el_arenal_6&#8243; _builder_version=\u00bb4.5.6&#8243; _module_preset=\u00bbdefault\u00bb][\/et_pb_image][\/et_pb_column][\/et_pb_row][\/et_pb_section][et_pb_section fb_built=\u00bb1&#8243; _builder_version=\u00bb4.5.6&#8243; _module_preset=\u00bbdefault\u00bb background_color=\u00bb#000000&#8243;][et_pb_row use_custom_gutter=\u00bbon\u00bb gutter_width=\u00bb2&#8243; _builder_version=\u00bb4.5.6&#8243; _module_preset=\u00bbdefault\u00bb width=\u00bb90%\u00bb max_width=\u00bb2560px\u00bb][et_pb_column type=\u00bb4_4&#8243; _builder_version=\u00bb4.5.6&#8243; _module_preset=\u00bbdefault\u00bb][et_pb_gallery gallery_ids=\u00bb166,167,168,169,170,171,172,173,175,176&#8243; posts_number=\u00bb999&#8243; _builder_version=\u00bb4.5.6&#8243; _module_preset=\u00bbdefault\u00bb][\/et_pb_gallery][\/et_pb_column][\/et_pb_row][\/et_pb_section]<\/p>\n","protected":false},"excerpt":{"rendered":"<p>Alojamiento La casa de El Arenal es una construcci\u00f3n verdaderamente especial, situada en un emplazamiento privilegiado, con vistas al r\u00edo Guadiana. La casa est\u00e1 construida con un estilo propio, combinando la arquitectura tradicional con la decoraci\u00f3n m\u00e1s exquisita. El interior de la casa de El Arenal posee una destacada colecci\u00f3n de muebles y piezas de [&hellip;]<\/p>\n","protected":false},"author":1,"featured_media":0,"parent":18,"menu_order":0,"comment_status":"closed","ping_status":"closed","template":"","meta":{"_et_pb_use_builder":"on","_et_pb_old_content":"","_et_gb_content_width":"","footnotes":""},"_links":{"self":[{"href":"https:\/\/jbmergelina.com\/es\/wp-json\/wp\/v2\/pages\/30"}],"collection":[{"href":"https:\/\/jbmergelina.com\/es\/wp-json\/wp\/v2\/pages"}],"about":[{"href":"https:\/\/jbmergelina.com\/es\/wp-json\/wp\/v2\/types\/page"}],"author":[{"embeddable":true,"href":"https:\/\/jbmergelina.com\/es\/wp-json\/wp\/v2\/users\/1"}],"replies":[{"embeddable":true,"href":"https:\/\/jbmergelina.com\/es\/wp-json\/wp\/v2\/comments?post=30"}],"version-history":[{"count":2,"href":"https:\/\/jbmergelina.com\/es\/wp-json\/wp\/v2\/pages\/30\/revisions"}],"predecessor-version":[{"id":210783,"href":"https:\/\/jbmergelina.com\/es\/wp-json\/wp\/v2\/pages\/30\/revisions\/210783"}],"up":[{"embeddable":true,"href":"https:\/\/jbmergelina.com\/es\/wp-json\/wp\/v2\/pages\/18"}],"wp:attachment":[{"href":"https:\/\/jbmergelina.com\/es\/wp-json\/wp\/v2\/media?parent=30"}],"curies":[{"name":"wp","href":"https:\/\/api.w.org\/{rel}","templated":true}]}}